{"id":7075,"date":"2026-01-29T13:11:11","date_gmt":"2026-01-29T12:11:11","guid":{"rendered":"https:\/\/marketing.lamel.pl\/?post_type=product&#038;p=7075"},"modified":"2026-02-13T14:28:30","modified_gmt":"2026-02-13T13:28:30","slug":"stander-fur-telefonat-imitate-de-kopia","status":"publish","type":"product","link":"https:\/\/marketing.lamel.pl\/de\/produkt\/stander-fur-telefonat-imitate-de-kopia\/","title":{"rendered":"St\u00e4nder f\u00fcr Telefonat-Imitate DE"},"content":{"rendered":"<p>St\u00e4nder f\u00fcr Handy-Imitate mit aufgeklebtem Bildschirmschutz. Der St\u00e4nder ist in Polnisch erh\u00e4ltlich <\/p>\n<p><strong>UM EIN SET ZU ERSTELLEN, F\u00dcGEN SIE ES ZUERST IHREM WARENKORB HINZU:<\/strong><\/p>\n<p><strong>&#8211; PRODUKTSTAND<br \/>\n&#8211; GRAFIK MIT EINEM RADFAHRER<br \/>\n<\/strong><strong>&#8211; GRAFIKEN IN POLNISCH<\/strong><\/p>\n<p>*Das Vorschaubild zeigt ein Beispiel f\u00fcr die Anordnung der Produkte &#8211; TELEFONABBILDUNGEN M\u00dcSSEN NACH IHREN EIGENEN VORSTELLUNGEN AUSGEW\u00c4HLT WERDEN<\/p>\n","protected":false},"excerpt":{"rendered":"<p>St\u00e4nder f\u00fcr Handy-Imitate mit aufgeklebtem Bildschirmschutz. Der St\u00e4nder ist in Polnisch erh\u00e4ltlich UM EIN SET ZU ERSTELLEN, F\u00dcGEN SIE ES ZUERST IHREM WARENKORB HINZU: &#8211; PRODUKTSTAND &#8211; GRAFIK MIT EINEM RADFAHRER &#8211; GRAFIKEN IN POLNISCH *Das Vorschaubild zeigt ein Beispiel f\u00fcr die Anordnung der Produkte &#8211; TELEFONABBILDUNGEN M\u00dcSSEN NACH IHREN EIGENEN VORSTELLUNGEN AUSGEW\u00c4HLT WERDEN<\/p>\n","protected":false},"featured_media":6864,"template":"","meta":[],"product_cat":[238],"product_tag":[],"class_list":{"0":"post-7075","1":"product","2":"type-product","3":"status-publish","4":"has-post-thumbnail","6":"product_cat-zeigt-an","8":"first","9":"instock","10":"taxable","11":"shipping-taxable","12":"purchasable","13":"product-type-variable"},"_links":{"self":[{"href":"https:\/\/marketing.lamel.pl\/de\/wp-json\/wp\/v2\/product\/7075"}],"collection":[{"href":"https:\/\/marketing.lamel.pl\/de\/wp-json\/wp\/v2\/product"}],"about":[{"href":"https:\/\/marketing.lamel.pl\/de\/wp-json\/wp\/v2\/types\/product"}],"wp:featuredmedia":[{"embeddable":true,"href":"https:\/\/marketing.lamel.pl\/de\/wp-json\/wp\/v2\/media\/6864"}],"wp:attachment":[{"href":"https:\/\/marketing.lamel.pl\/de\/wp-json\/wp\/v2\/media?parent=7075"}],"wp:term":[{"taxonomy":"product_cat","embeddable":true,"href":"https:\/\/marketing.lamel.pl\/de\/wp-json\/wp\/v2\/product_cat?post=7075"},{"taxonomy":"product_tag","embeddable":true,"href":"https:\/\/marketing.lamel.pl\/de\/wp-json\/wp\/v2\/product_tag?post=7075"}],"curies":[{"name":"wp","href":"https:\/\/api.w.org\/{rel}","templated":true}]}}