{"id":6856,"date":"2026-01-28T10:11:24","date_gmt":"2026-01-28T09:11:24","guid":{"rendered":"https:\/\/marketing.lamel.pl\/?post_type=product&#038;p=6856"},"modified":"2026-02-13T14:29:49","modified_gmt":"2026-02-13T13:29:49","slug":"produktstander-kopia","status":"publish","type":"product","link":"https:\/\/marketing.lamel.pl\/de\/produkt\/produktstander-kopia\/","title":{"rendered":"St\u00e4nder f\u00fcr Telefonat-Imitate DE"},"content":{"rendered":"<p>St\u00e4nder f\u00fcr Handy-Imitate mit aufgeklebtem Bildschirmschutz. Stand ist auf Englisch<\/p>\n<p><strong>UM EIN SET ZU ERSTELLEN, F\u00dcGEN SIE ES ZUERST IHREM WARENKORB HINZU:<\/strong><\/p>\n<p><strong>&#8211; PRODUKTST\u00c4NDER<br \/>\n<\/strong><strong>&#8211; GRAFIK MIT EINEM RADFAHRER<br \/>\n<\/strong><strong>&#8211; GRAFIKEN AUF ENGLISCH<\/strong><\/p>\n<p>*Das Vorschaubild zeigt ein Beispiel f\u00fcr die Anordnung der Produkte &#8211; TELEFONABBILDUNGEN M\u00dcSSEN NACH IHREN EIGENEN VORSTELLUNGEN AUSGEW\u00c4HLT WERDEN<\/p>\n","protected":false},"excerpt":{"rendered":"<p>St\u00e4nder f\u00fcr Handy-Imitate mit aufgeklebtem Bildschirmschutz. Stand ist auf Englisch UM EIN SET ZU ERSTELLEN, F\u00dcGEN SIE ES ZUERST IHREM WARENKORB HINZU: &#8211; PRODUKTST\u00c4NDER &#8211; GRAFIK MIT EINEM RADFAHRER &#8211; GRAFIKEN AUF ENGLISCH *Das Vorschaubild zeigt ein Beispiel f\u00fcr die Anordnung der Produkte &#8211; TELEFONABBILDUNGEN M\u00dcSSEN NACH IHREN EIGENEN VORSTELLUNGEN AUSGEW\u00c4HLT WERDEN<\/p>\n","protected":false},"featured_media":6867,"template":"","meta":[],"product_cat":[238],"product_tag":[],"class_list":{"0":"post-6856","1":"product","2":"type-product","3":"status-publish","4":"has-post-thumbnail","6":"product_cat-zeigt-an","8":"first","9":"instock","10":"taxable","11":"shipping-taxable","12":"purchasable","13":"product-type-variable"},"_links":{"self":[{"href":"https:\/\/marketing.lamel.pl\/de\/wp-json\/wp\/v2\/product\/6856"}],"collection":[{"href":"https:\/\/marketing.lamel.pl\/de\/wp-json\/wp\/v2\/product"}],"about":[{"href":"https:\/\/marketing.lamel.pl\/de\/wp-json\/wp\/v2\/types\/product"}],"wp:featuredmedia":[{"embeddable":true,"href":"https:\/\/marketing.lamel.pl\/de\/wp-json\/wp\/v2\/media\/6867"}],"wp:attachment":[{"href":"https:\/\/marketing.lamel.pl\/de\/wp-json\/wp\/v2\/media?parent=6856"}],"wp:term":[{"taxonomy":"product_cat","embeddable":true,"href":"https:\/\/marketing.lamel.pl\/de\/wp-json\/wp\/v2\/product_cat?post=6856"},{"taxonomy":"product_tag","embeddable":true,"href":"https:\/\/marketing.lamel.pl\/de\/wp-json\/wp\/v2\/product_tag?post=6856"}],"curies":[{"name":"wp","href":"https:\/\/api.w.org\/{rel}","templated":true}]}}