{"id":6765,"date":"2025-10-27T08:29:25","date_gmt":"2025-10-27T07:29:25","guid":{"rendered":"https:\/\/marketing.lamel.pl\/?post_type=product&#038;p=6765"},"modified":"2025-10-27T08:45:27","modified_gmt":"2025-10-27T07:45:27","slug":"smart-system-organisator-kopia-kopia","status":"publish","type":"product","link":"https:\/\/marketing.lamel.pl\/de\/produkt\/smart-system-organisator-kopia-kopia\/","title":{"rendered":"DIAMOND Topper f\u00fcr St\u00e4nder"},"content":{"rendered":"<p>Diamant-Topper f\u00fcr den St\u00e4nder in zwei verschiedenen Sprachen<\/p>\n<p>Denken Sie beim Kauf des Toppers daran, auch den St\u00e4nder und die Haken in Ihren Warenkorb zu legen!<\/p>\n","protected":false},"excerpt":{"rendered":"<p>Diamant-Topper f\u00fcr den St\u00e4nder in zwei verschiedenen Sprachen Denken Sie beim Kauf des Toppers daran, auch den St\u00e4nder und die Haken in Ihren Warenkorb zu legen!<\/p>\n","protected":false},"featured_media":6780,"template":"","meta":[],"product_cat":[238],"product_tag":[],"class_list":{"0":"post-6765","1":"product","2":"type-product","3":"status-publish","4":"has-post-thumbnail","6":"product_cat-zeigt-an","8":"first","9":"instock","10":"taxable","11":"shipping-taxable","12":"purchasable","13":"product-type-variable"},"_links":{"self":[{"href":"https:\/\/marketing.lamel.pl\/de\/wp-json\/wp\/v2\/product\/6765"}],"collection":[{"href":"https:\/\/marketing.lamel.pl\/de\/wp-json\/wp\/v2\/product"}],"about":[{"href":"https:\/\/marketing.lamel.pl\/de\/wp-json\/wp\/v2\/types\/product"}],"wp:featuredmedia":[{"embeddable":true,"href":"https:\/\/marketing.lamel.pl\/de\/wp-json\/wp\/v2\/media\/6780"}],"wp:attachment":[{"href":"https:\/\/marketing.lamel.pl\/de\/wp-json\/wp\/v2\/media?parent=6765"}],"wp:term":[{"taxonomy":"product_cat","embeddable":true,"href":"https:\/\/marketing.lamel.pl\/de\/wp-json\/wp\/v2\/product_cat?post=6765"},{"taxonomy":"product_tag","embeddable":true,"href":"https:\/\/marketing.lamel.pl\/de\/wp-json\/wp\/v2\/product_tag?post=6765"}],"curies":[{"name":"wp","href":"https:\/\/api.w.org\/{rel}","templated":true}]}}