{"id":6739,"date":"2025-10-27T08:15:46","date_gmt":"2025-10-27T07:15:46","guid":{"rendered":"https:\/\/marketing.lamel.pl\/?post_type=product&#038;p=6739"},"modified":"2025-10-27T08:35:26","modified_gmt":"2025-10-27T07:35:26","slug":"smart-system-organisator-kopia","status":"publish","type":"product","link":"https:\/\/marketing.lamel.pl\/de\/produkt\/smart-system-organisator-kopia\/","title":{"rendered":"Cheetah Topper zu Stand"},"content":{"rendered":"<p>Geparden-Topper f\u00fcr den St\u00e4nder in zwei verschiedenen Sprachen<\/p>\n<p>Wenn Sie den Topper kaufen, denken Sie daran, auch den St\u00e4nder und die Haken in den Warenkorb zu legen!<\/p>\n","protected":false},"excerpt":{"rendered":"<p>Geparden-Topper f\u00fcr den St\u00e4nder in zwei verschiedenen Sprachen Wenn Sie den Topper kaufen, denken Sie daran, auch den St\u00e4nder und die Haken in den Warenkorb zu legen!<\/p>\n","protected":false},"featured_media":6747,"template":"","meta":[],"product_cat":[238],"product_tag":[],"class_list":{"0":"post-6739","1":"product","2":"type-product","3":"status-publish","4":"has-post-thumbnail","6":"product_cat-zeigt-an","8":"first","9":"instock","10":"taxable","11":"shipping-taxable","12":"purchasable","13":"product-type-variable"},"_links":{"self":[{"href":"https:\/\/marketing.lamel.pl\/de\/wp-json\/wp\/v2\/product\/6739"}],"collection":[{"href":"https:\/\/marketing.lamel.pl\/de\/wp-json\/wp\/v2\/product"}],"about":[{"href":"https:\/\/marketing.lamel.pl\/de\/wp-json\/wp\/v2\/types\/product"}],"wp:featuredmedia":[{"embeddable":true,"href":"https:\/\/marketing.lamel.pl\/de\/wp-json\/wp\/v2\/media\/6747"}],"wp:attachment":[{"href":"https:\/\/marketing.lamel.pl\/de\/wp-json\/wp\/v2\/media?parent=6739"}],"wp:term":[{"taxonomy":"product_cat","embeddable":true,"href":"https:\/\/marketing.lamel.pl\/de\/wp-json\/wp\/v2\/product_cat?post=6739"},{"taxonomy":"product_tag","embeddable":true,"href":"https:\/\/marketing.lamel.pl\/de\/wp-json\/wp\/v2\/product_tag?post=6739"}],"curies":[{"name":"wp","href":"https:\/\/api.w.org\/{rel}","templated":true}]}}