{"id":6276,"date":"2025-07-03T13:16:06","date_gmt":"2025-07-03T11:16:06","guid":{"rendered":"https:\/\/marketing.lamel.pl\/?post_type=product&#038;p=6276"},"modified":"2025-07-03T15:00:04","modified_gmt":"2025-07-03T13:00:04","slug":"ppf-broschure-auf-englisch-kopia","status":"publish","type":"product","link":"https:\/\/marketing.lamel.pl\/de\/produkt\/ppf-broschure-auf-englisch-kopia\/","title":{"rendered":"Surfbrett"},"content":{"rendered":"<section class=\"l-section wpb_row height_small\"><div class=\"l-section-h i-cf\"><div class=\"g-cols vc_row via_grid cols_1 laptops-cols_inherit tablets-cols_inherit mobiles-cols_1 valign_top type_default stacking_default\"><div class=\"wpb_column vc_column_container\"><div class=\"vc_column-inner\"><div class=\"wpb_text_column\"><div class=\"wpb_wrapper\"><p>Surfbrett-Imitat mit MyScreen-Design &#8211; zum Aufh\u00e4ngen an der Wand oder f\u00fcr Werbezwecke.<br \/>\nL\u00e4nge 2,60 m &#8211; PRODUKT AUF EINZELBESTELLUNG VERF\u00dcGBAR.<br \/>\nLieferzeit: 1 Monat<\/p>\n<p>Bitte geben Sie bei der Bestellung in den Kommentaren das zu realisierende Design an.<\/p>\n<p>M\u00f6glichkeit der individuellen Realisierung f\u00fcr den Kunden mit seinem LOGO!<\/p>\n<\/div><\/div><\/div><\/div><\/div><\/div><\/section>\n","protected":false},"excerpt":{"rendered":"Surfbrett-Imitat mit MyScreen-Design &#8211; zum Aufh\u00e4ngen an der Wand oder f\u00fcr Werbezwecke. L\u00e4nge 2,60 m &#8211; PRODUKT AUF EINZELBESTELLUNG VERF\u00dcGBAR. Lieferzeit: 1 Monat Bitte geben Sie bei der Bestellung in den Kommentaren das zu realisierende Design an. M\u00f6glichkeit der individuellen Realisierung f\u00fcr den Kunden mit seinem LOGO!","protected":false},"featured_media":6286,"template":"","meta":[],"product_cat":[181],"product_tag":[],"class_list":{"0":"post-6276","1":"product","2":"type-product","3":"status-publish","4":"has-post-thumbnail","6":"product_cat-werbegadgets","8":"first","9":"onbackorder","10":"taxable","11":"shipping-taxable","12":"purchasable","13":"product-type-simple"},"_links":{"self":[{"href":"https:\/\/marketing.lamel.pl\/de\/wp-json\/wp\/v2\/product\/6276"}],"collection":[{"href":"https:\/\/marketing.lamel.pl\/de\/wp-json\/wp\/v2\/product"}],"about":[{"href":"https:\/\/marketing.lamel.pl\/de\/wp-json\/wp\/v2\/types\/product"}],"wp:featuredmedia":[{"embeddable":true,"href":"https:\/\/marketing.lamel.pl\/de\/wp-json\/wp\/v2\/media\/6286"}],"wp:attachment":[{"href":"https:\/\/marketing.lamel.pl\/de\/wp-json\/wp\/v2\/media?parent=6276"}],"wp:term":[{"taxonomy":"product_cat","embeddable":true,"href":"https:\/\/marketing.lamel.pl\/de\/wp-json\/wp\/v2\/product_cat?post=6276"},{"taxonomy":"product_tag","embeddable":true,"href":"https:\/\/marketing.lamel.pl\/de\/wp-json\/wp\/v2\/product_tag?post=6276"}],"curies":[{"name":"wp","href":"https:\/\/api.w.org\/{rel}","templated":true}]}}