{"id":6264,"date":"2025-06-18T13:39:45","date_gmt":"2025-06-18T11:39:45","guid":{"rendered":"https:\/\/marketing.lamel.pl\/?post_type=product&#038;p=6264"},"modified":"2025-06-18T13:40:29","modified_gmt":"2025-06-18T11:40:29","slug":"ppf-broschure-auf-polnisch-kopia","status":"publish","type":"product","link":"https:\/\/marketing.lamel.pl\/de\/produkt\/ppf-broschure-auf-polnisch-kopia\/","title":{"rendered":"PPF-Brosch\u00fcre auf Englisch"},"content":{"rendered":"<p>Brosch\u00fcre mit einer Beschreibung der MyScreen Automotive PPF-L\u00f6sungen auf Englisch<\/p>\n","protected":false},"excerpt":{"rendered":"<p>Brosch\u00fcre mit einer Beschreibung der MyScreen Automotive PPF-L\u00f6sungen auf Englisch<\/p>\n","protected":false},"featured_media":6261,"template":"","meta":[],"product_cat":[193,194],"product_tag":[],"class_list":{"0":"post-6264","1":"product","2":"type-product","3":"status-publish","4":"has-post-thumbnail","6":"product_cat-broschuren","7":"product_cat-dl-broschuren","9":"first","10":"instock","11":"taxable","12":"shipping-taxable","13":"purchasable","14":"product-type-simple"},"_links":{"self":[{"href":"https:\/\/marketing.lamel.pl\/de\/wp-json\/wp\/v2\/product\/6264"}],"collection":[{"href":"https:\/\/marketing.lamel.pl\/de\/wp-json\/wp\/v2\/product"}],"about":[{"href":"https:\/\/marketing.lamel.pl\/de\/wp-json\/wp\/v2\/types\/product"}],"wp:featuredmedia":[{"embeddable":true,"href":"https:\/\/marketing.lamel.pl\/de\/wp-json\/wp\/v2\/media\/6261"}],"wp:attachment":[{"href":"https:\/\/marketing.lamel.pl\/de\/wp-json\/wp\/v2\/media?parent=6264"}],"wp:term":[{"taxonomy":"product_cat","embeddable":true,"href":"https:\/\/marketing.lamel.pl\/de\/wp-json\/wp\/v2\/product_cat?post=6264"},{"taxonomy":"product_tag","embeddable":true,"href":"https:\/\/marketing.lamel.pl\/de\/wp-json\/wp\/v2\/product_tag?post=6264"}],"curies":[{"name":"wp","href":"https:\/\/api.w.org\/{rel}","templated":true}]}}