{"id":6254,"date":"2025-06-18T13:37:38","date_gmt":"2025-06-18T11:37:38","guid":{"rendered":"https:\/\/marketing.lamel.pl\/?post_type=product&#038;p=6254"},"modified":"2025-06-18T13:38:48","modified_gmt":"2025-06-18T11:38:48","slug":"faltblatt-automotive-auf-polnisch-kopia","status":"publish","type":"product","link":"https:\/\/marketing.lamel.pl\/de\/produkt\/faltblatt-automotive-auf-polnisch-kopia\/","title":{"rendered":"PPF-Brosch\u00fcre auf Polnisch"},"content":{"rendered":"<p>Brosch\u00fcre mit einer Beschreibung der MyScreen Automotive PPF-L\u00f6sungen auf Polnisch<\/p>\n","protected":false},"excerpt":{"rendered":"<p>Brosch\u00fcre mit einer Beschreibung der MyScreen Automotive PPF-L\u00f6sungen auf Polnisch<\/p>\n","protected":false},"featured_media":6258,"template":"","meta":[],"product_cat":[193,194],"product_tag":[],"class_list":{"0":"post-6254","1":"product","2":"type-product","3":"status-publish","4":"has-post-thumbnail","6":"product_cat-broschuren","7":"product_cat-dl-broschuren","9":"first","10":"instock","11":"taxable","12":"shipping-taxable","13":"purchasable","14":"product-type-simple"},"_links":{"self":[{"href":"https:\/\/marketing.lamel.pl\/de\/wp-json\/wp\/v2\/product\/6254"}],"collection":[{"href":"https:\/\/marketing.lamel.pl\/de\/wp-json\/wp\/v2\/product"}],"about":[{"href":"https:\/\/marketing.lamel.pl\/de\/wp-json\/wp\/v2\/types\/product"}],"wp:featuredmedia":[{"embeddable":true,"href":"https:\/\/marketing.lamel.pl\/de\/wp-json\/wp\/v2\/media\/6258"}],"wp:attachment":[{"href":"https:\/\/marketing.lamel.pl\/de\/wp-json\/wp\/v2\/media?parent=6254"}],"wp:term":[{"taxonomy":"product_cat","embeddable":true,"href":"https:\/\/marketing.lamel.pl\/de\/wp-json\/wp\/v2\/product_cat?post=6254"},{"taxonomy":"product_tag","embeddable":true,"href":"https:\/\/marketing.lamel.pl\/de\/wp-json\/wp\/v2\/product_tag?post=6254"}],"curies":[{"name":"wp","href":"https:\/\/api.w.org\/{rel}","templated":true}]}}