{"id":6158,"date":"2025-06-09T08:48:01","date_gmt":"2025-06-09T06:48:01","guid":{"rendered":"https:\/\/marketing.lamel.pl\/?post_type=product&#038;p=6158"},"modified":"2025-06-09T08:50:50","modified_gmt":"2025-06-09T06:50:50","slug":"cutuse-t-shirt-mit-krawatte-kopia-2","status":"publish","type":"product","link":"https:\/\/marketing.lamel.pl\/de\/produkt\/cutuse-t-shirt-mit-krawatte-kopia-2\/","title":{"rendered":"MyScreen-T-Shirt Sei du selbst"},"content":{"rendered":"<p>Myscreen Logo-T-Shirt &#8211; Sei du selbst<\/p>\n<p>Schwarz Verf\u00fcgbare Gr\u00f6\u00dfen M,L,XL,XXL<\/p>\n<p>Gr\u00f6\u00dfenangaben\/Beschreibungen f\u00fcr jede Gr\u00f6\u00dfe &#8211; wert, in den Shop aufgenommen zu werden:<\/p>\n<p>Gr\u00f6\u00dfe M:<\/p>\n<ul>\n<li>Achselh\u00f6hle zu Achselh\u00f6hle 51 cm x 2<\/li>\n<li>von Schulter zu Schulter 41 cm x 2<\/li>\n<li>Hemdl\u00e4nge 69 cm<\/li>\n<\/ul>\n<p>Gr\u00f6\u00dfe L:<\/p>\n<ul>\n<li>Achselh\u00f6hle zu Achselh\u00f6hle 53 cm x 2<\/li>\n<li>von Wohnung zu Wohnung 44 cm x 2<\/li>\n<li>Hemdl\u00e4nge 70 cm<\/li>\n<\/ul>\n<p>Gr\u00f6\u00dfe XL:<\/p>\n<ul>\n<li>Achselh\u00f6hle zu Achselh\u00f6hle 57 cm x 2<\/li>\n<li>von Wohnung zu Wohnung 47 cm x 2<\/li>\n<li>Hemdl\u00e4nge 72 cm<\/li>\n<\/ul>\n<p>Gr\u00f6\u00dfe XXL:<\/p>\n<ul>\n<li>Achselh\u00f6hle zu Achselh\u00f6hle 60 cm x 2<\/li>\n<li>von Wohnung zu Wohnung 51 cm x 2<\/li>\n<li>Hemdl\u00e4nge 75 cm<\/li>\n<\/ul>\n<p><span data-teams=\"true\"> <\/span><\/p>\n<p>Frauen oder M\u00e4nner<\/p>\n","protected":false},"excerpt":{"rendered":"<p>Myscreen Logo-T-Shirt &#8211; Sei du selbst Schwarz Verf\u00fcgbare Gr\u00f6\u00dfen M,L,XL,XXL Gr\u00f6\u00dfenangaben\/Beschreibungen f\u00fcr jede Gr\u00f6\u00dfe &#8211; wert, in den Shop aufgenommen zu werden: Gr\u00f6\u00dfe M: Achselh\u00f6hle zu Achselh\u00f6hle 51 cm x 2 von Schulter zu Schulter 41 cm x 2 Hemdl\u00e4nge 69 cm Gr\u00f6\u00dfe L: Achselh\u00f6hle zu Achselh\u00f6hle 53 cm x 2 von Wohnung zu Wohnung&#8230;<\/p>\n","protected":false},"featured_media":6170,"template":"","meta":[],"product_cat":[184],"product_tag":[],"class_list":{"0":"post-6158","1":"product","2":"type-product","3":"status-publish","4":"has-post-thumbnail","6":"product_cat-kleidung","8":"first","9":"outofstock","10":"taxable","11":"shipping-taxable","12":"purchasable","13":"product-type-variable","14":"has-default-attributes"},"_links":{"self":[{"href":"https:\/\/marketing.lamel.pl\/de\/wp-json\/wp\/v2\/product\/6158"}],"collection":[{"href":"https:\/\/marketing.lamel.pl\/de\/wp-json\/wp\/v2\/product"}],"about":[{"href":"https:\/\/marketing.lamel.pl\/de\/wp-json\/wp\/v2\/types\/product"}],"wp:featuredmedia":[{"embeddable":true,"href":"https:\/\/marketing.lamel.pl\/de\/wp-json\/wp\/v2\/media\/6170"}],"wp:attachment":[{"href":"https:\/\/marketing.lamel.pl\/de\/wp-json\/wp\/v2\/media?parent=6158"}],"wp:term":[{"taxonomy":"product_cat","embeddable":true,"href":"https:\/\/marketing.lamel.pl\/de\/wp-json\/wp\/v2\/product_cat?post=6158"},{"taxonomy":"product_tag","embeddable":true,"href":"https:\/\/marketing.lamel.pl\/de\/wp-json\/wp\/v2\/product_tag?post=6158"}],"curies":[{"name":"wp","href":"https:\/\/api.w.org\/{rel}","templated":true}]}}