{"id":6074,"date":"2025-05-21T09:21:34","date_gmt":"2025-05-21T07:21:34","guid":{"rendered":"https:\/\/marketing.lamel.pl\/?post_type=product&#038;p=6074"},"modified":"2025-05-21T13:59:22","modified_gmt":"2025-05-21T11:59:22","slug":"cutuse-t-shirt-mit-krawatte-kopia","status":"publish","type":"product","link":"https:\/\/marketing.lamel.pl\/de\/produkt\/cutuse-t-shirt-mit-krawatte-kopia\/","title":{"rendered":"OWZ St\u00e4nder Schwarz"},"content":{"rendered":"<p>Schwarzer OWZ-Aufsteller erh\u00e4ltlich in A4 und A3, sowie doppelseitig und einseitig<br \/>\nW\u00e4hlen Sie Ihr Format vor dem Kauf!<\/p>\n<p>Au\u00dferdem empfehlen wir, eines der A4-Poster f\u00fcr das Set zu w\u00e4hlen.<\/p>\n","protected":false},"excerpt":{"rendered":"<p>Schwarzer OWZ-Aufsteller erh\u00e4ltlich in A4 und A3, sowie doppelseitig und einseitig W\u00e4hlen Sie Ihr Format vor dem Kauf! Au\u00dferdem empfehlen wir, eines der A4-Poster f\u00fcr das Set zu w\u00e4hlen.<\/p>\n","protected":false},"featured_media":6086,"template":"","meta":[],"product_cat":[214],"product_tag":[],"class_list":{"0":"post-6074","1":"product","2":"type-product","3":"status-publish","4":"has-post-thumbnail","6":"product_cat-exposition","8":"first","9":"outofstock","10":"taxable","11":"shipping-taxable","12":"purchasable","13":"product-type-variable"},"_links":{"self":[{"href":"https:\/\/marketing.lamel.pl\/de\/wp-json\/wp\/v2\/product\/6074"}],"collection":[{"href":"https:\/\/marketing.lamel.pl\/de\/wp-json\/wp\/v2\/product"}],"about":[{"href":"https:\/\/marketing.lamel.pl\/de\/wp-json\/wp\/v2\/types\/product"}],"wp:featuredmedia":[{"embeddable":true,"href":"https:\/\/marketing.lamel.pl\/de\/wp-json\/wp\/v2\/media\/6086"}],"wp:attachment":[{"href":"https:\/\/marketing.lamel.pl\/de\/wp-json\/wp\/v2\/media?parent=6074"}],"wp:term":[{"taxonomy":"product_cat","embeddable":true,"href":"https:\/\/marketing.lamel.pl\/de\/wp-json\/wp\/v2\/product_cat?post=6074"},{"taxonomy":"product_tag","embeddable":true,"href":"https:\/\/marketing.lamel.pl\/de\/wp-json\/wp\/v2\/product_tag?post=6074"}],"curies":[{"name":"wp","href":"https:\/\/api.w.org\/{rel}","templated":true}]}}