{"id":6001,"date":"2025-04-29T13:58:46","date_gmt":"2025-04-29T11:58:46","guid":{"rendered":"https:\/\/marketing.lamel.pl\/?post_type=product&#038;p=6001"},"modified":"2025-05-05T09:54:48","modified_gmt":"2025-05-05T07:54:48","slug":"schaumstoffband-kopia","status":"publish","type":"product","link":"https:\/\/marketing.lamel.pl\/de\/produkt\/schaumstoffband-kopia\/","title":{"rendered":"Handelsportfolio mit Produktportfolio"},"content":{"rendered":"<p>NUR F\u00dcR LB- UND LT-H\u00c4NDLER!!!<br \/>\nNICHT F\u00dcR KUNDEN!!!<\/p>\n<p>Kommerzielle Aktentasche mit Materialien &#8211; Schwarzes Leder.<\/p>\n<p>Im Inneren befindet sich ein vollst\u00e4ndiges Produktportfolio: Fertigprodukte und Cut&amp;Use.<\/p>\n","protected":false},"excerpt":{"rendered":"<p>NUR F\u00dcR LB- UND LT-H\u00c4NDLER!!! NICHT F\u00dcR KUNDEN!!! Kommerzielle Aktentasche mit Materialien &#8211; Schwarzes Leder. Im Inneren befindet sich ein vollst\u00e4ndiges Produktportfolio: Fertigprodukte und Cut&amp;Use.<\/p>\n","protected":false},"featured_media":6005,"template":"","meta":[],"product_cat":[193],"product_tag":[],"class_list":{"0":"post-6001","1":"product","2":"type-product","3":"status-publish","4":"has-post-thumbnail","6":"product_cat-broschuren","8":"first","9":"instock","10":"taxable","11":"shipping-taxable","12":"purchasable","13":"product-type-simple"},"_links":{"self":[{"href":"https:\/\/marketing.lamel.pl\/de\/wp-json\/wp\/v2\/product\/6001"}],"collection":[{"href":"https:\/\/marketing.lamel.pl\/de\/wp-json\/wp\/v2\/product"}],"about":[{"href":"https:\/\/marketing.lamel.pl\/de\/wp-json\/wp\/v2\/types\/product"}],"wp:featuredmedia":[{"embeddable":true,"href":"https:\/\/marketing.lamel.pl\/de\/wp-json\/wp\/v2\/media\/6005"}],"wp:attachment":[{"href":"https:\/\/marketing.lamel.pl\/de\/wp-json\/wp\/v2\/media?parent=6001"}],"wp:term":[{"taxonomy":"product_cat","embeddable":true,"href":"https:\/\/marketing.lamel.pl\/de\/wp-json\/wp\/v2\/product_cat?post=6001"},{"taxonomy":"product_tag","embeddable":true,"href":"https:\/\/marketing.lamel.pl\/de\/wp-json\/wp\/v2\/product_tag?post=6001"}],"curies":[{"name":"wp","href":"https:\/\/api.w.org\/{rel}","templated":true}]}}