{"id":5962,"date":"2025-04-28T14:47:40","date_gmt":"2025-04-28T12:47:40","guid":{"rendered":"https:\/\/marketing.lamel.pl\/?post_type=product&#038;p=5962"},"modified":"2025-04-29T14:15:45","modified_gmt":"2025-04-29T12:15:45","slug":"powerbank-10-000mah-kopia","status":"publish","type":"product","link":"https:\/\/marketing.lamel.pl\/de\/produkt\/powerbank-10-000mah-kopia\/","title":{"rendered":"Seien Sie hartn\u00e4ckig Aufkleber"},"content":{"rendered":"<p>Aufkleber &#8218;Sei stark&#8216; im Format 35x55mm. Laminiert f\u00fcr Au\u00dfen- und Innenverklebung. Sets zu 25 St\u00fcck.<\/p>\n","protected":false},"excerpt":{"rendered":"<p>Aufkleber &#8218;Sei stark&#8216; im Format 35x55mm. Laminiert f\u00fcr Au\u00dfen- und Innenverklebung. Sets zu 25 St\u00fcck.<\/p>\n","protected":false},"featured_media":5992,"template":"","meta":[],"product_cat":[181],"product_tag":[],"class_list":{"0":"post-5962","1":"product","2":"type-product","3":"status-publish","4":"has-post-thumbnail","6":"product_cat-werbegadgets","8":"first","9":"instock","10":"taxable","11":"shipping-taxable","12":"purchasable","13":"product-type-simple"},"_links":{"self":[{"href":"https:\/\/marketing.lamel.pl\/de\/wp-json\/wp\/v2\/product\/5962"}],"collection":[{"href":"https:\/\/marketing.lamel.pl\/de\/wp-json\/wp\/v2\/product"}],"about":[{"href":"https:\/\/marketing.lamel.pl\/de\/wp-json\/wp\/v2\/types\/product"}],"wp:featuredmedia":[{"embeddable":true,"href":"https:\/\/marketing.lamel.pl\/de\/wp-json\/wp\/v2\/media\/5992"}],"wp:attachment":[{"href":"https:\/\/marketing.lamel.pl\/de\/wp-json\/wp\/v2\/media?parent=5962"}],"wp:term":[{"taxonomy":"product_cat","embeddable":true,"href":"https:\/\/marketing.lamel.pl\/de\/wp-json\/wp\/v2\/product_cat?post=5962"},{"taxonomy":"product_tag","embeddable":true,"href":"https:\/\/marketing.lamel.pl\/de\/wp-json\/wp\/v2\/product_tag?post=5962"}],"curies":[{"name":"wp","href":"https:\/\/api.w.org\/{rel}","templated":true}]}}