{"id":5830,"date":"2025-03-12T08:51:42","date_gmt":"2025-03-12T07:51:42","guid":{"rendered":"https:\/\/marketing.lamel.pl\/?post_type=product&#038;p=5830"},"modified":"2025-03-12T09:04:21","modified_gmt":"2025-03-12T08:04:21","slug":"hybridglas-poster-de-kopia","status":"publish","type":"product","link":"https:\/\/marketing.lamel.pl\/de\/produkt\/hybridglas-poster-de-kopia\/","title":{"rendered":"Universal Poster Jetzt kaufen oder sp\u00e4ter weinen"},"content":{"rendered":"<p>Universal Poster Jetzt kaufen oder sp\u00e4ter weinen. W\u00e4hlen Sie das Posterformat, das Sie bestellen m\u00f6chten!<\/p>\n","protected":false},"excerpt":{"rendered":"<p>Universal Poster Jetzt kaufen oder sp\u00e4ter weinen. W\u00e4hlen Sie das Posterformat, das Sie bestellen m\u00f6chten!<\/p>\n","protected":false},"featured_media":5847,"template":"","meta":[],"product_cat":[214,220],"product_tag":[],"class_list":{"0":"post-5830","1":"product","2":"type-product","3":"status-publish","4":"has-post-thumbnail","6":"product_cat-exposition","7":"product_cat-plakate","9":"first","10":"instock","11":"taxable","12":"shipping-taxable","13":"purchasable","14":"product-type-variable"},"_links":{"self":[{"href":"https:\/\/marketing.lamel.pl\/de\/wp-json\/wp\/v2\/product\/5830"}],"collection":[{"href":"https:\/\/marketing.lamel.pl\/de\/wp-json\/wp\/v2\/product"}],"about":[{"href":"https:\/\/marketing.lamel.pl\/de\/wp-json\/wp\/v2\/types\/product"}],"wp:featuredmedia":[{"embeddable":true,"href":"https:\/\/marketing.lamel.pl\/de\/wp-json\/wp\/v2\/media\/5847"}],"wp:attachment":[{"href":"https:\/\/marketing.lamel.pl\/de\/wp-json\/wp\/v2\/media?parent=5830"}],"wp:term":[{"taxonomy":"product_cat","embeddable":true,"href":"https:\/\/marketing.lamel.pl\/de\/wp-json\/wp\/v2\/product_cat?post=5830"},{"taxonomy":"product_tag","embeddable":true,"href":"https:\/\/marketing.lamel.pl\/de\/wp-json\/wp\/v2\/product_tag?post=5830"}],"curies":[{"name":"wp","href":"https:\/\/api.w.org\/{rel}","templated":true}]}}