{"id":5750,"date":"2025-03-11T14:53:18","date_gmt":"2025-03-11T13:53:18","guid":{"rendered":"https:\/\/marketing.lamel.pl\/?post_type=product&#038;p=5750"},"modified":"2025-03-19T07:55:16","modified_gmt":"2025-03-19T06:55:16","slug":"wobbler-jetzt-kaufen-oder-spater-weinen-10cm-kopia","status":"publish","type":"product","link":"https:\/\/marketing.lamel.pl\/de\/produkt\/wobbler-jetzt-kaufen-oder-spater-weinen-10cm-kopia\/","title":{"rendered":"M\u00f6belaufkleber Jetzt kaufen oder sp\u00e4ter weinen 20cm"},"content":{"rendered":"<p>M\u00f6belaufkleber Jetzt kaufen oder sp\u00e4ter weinen 20cm<\/p>\n","protected":false},"excerpt":{"rendered":"<p>M\u00f6belaufkleber Jetzt kaufen oder sp\u00e4ter weinen 20cm<\/p>\n","protected":false},"featured_media":5754,"template":"","meta":[],"product_cat":[244,214],"product_tag":[],"class_list":{"0":"post-5750","1":"product","2":"type-product","3":"status-publish","4":"has-post-thumbnail","6":"product_cat-aufkleber","7":"product_cat-exposition","9":"first","10":"instock","11":"taxable","12":"shipping-taxable","13":"purchasable","14":"product-type-simple"},"_links":{"self":[{"href":"https:\/\/marketing.lamel.pl\/de\/wp-json\/wp\/v2\/product\/5750"}],"collection":[{"href":"https:\/\/marketing.lamel.pl\/de\/wp-json\/wp\/v2\/product"}],"about":[{"href":"https:\/\/marketing.lamel.pl\/de\/wp-json\/wp\/v2\/types\/product"}],"wp:featuredmedia":[{"embeddable":true,"href":"https:\/\/marketing.lamel.pl\/de\/wp-json\/wp\/v2\/media\/5754"}],"wp:attachment":[{"href":"https:\/\/marketing.lamel.pl\/de\/wp-json\/wp\/v2\/media?parent=5750"}],"wp:term":[{"taxonomy":"product_cat","embeddable":true,"href":"https:\/\/marketing.lamel.pl\/de\/wp-json\/wp\/v2\/product_cat?post=5750"},{"taxonomy":"product_tag","embeddable":true,"href":"https:\/\/marketing.lamel.pl\/de\/wp-json\/wp\/v2\/product_tag?post=5750"}],"curies":[{"name":"wp","href":"https:\/\/api.w.org\/{rel}","templated":true}]}}