{"id":5581,"date":"2025-02-05T10:55:42","date_gmt":"2025-02-05T09:55:42","guid":{"rendered":"https:\/\/marketing.lamel.pl\/?post_type=product&#038;p=5581"},"modified":"2025-02-06T07:42:31","modified_gmt":"2025-02-06T06:42:31","slug":"trio-2m-panel-kopia","status":"publish","type":"product","link":"https:\/\/marketing.lamel.pl\/de\/produkt\/trio-2m-panel-kopia\/","title":{"rendered":"3M TRIO Platte"},"content":{"rendered":"<p class=\"x_MsoNormal\"><span> <\/span><br \/>\nT<b data-olk-copy-source=\"MessageBody\">RIO<\/b> aus dem A3447-Kassettenprofil, lackiert, mit schwarzer PVC-R\u00fcckseite, die auf der Innenseite mit wei\u00dfer Folie f\u00fcr eine optimale Lichtstreuung \u00fcberzogen ist. Front aus PMMA OPAL mit Druck, individuell in Absprache mit dem Kunden gestaltet.<\/p>\n<p class=\"x_MsoNormal\">Im Preis inbegriffen ist ein umfassender Installationsservice, der von einem APS Nova-Servicetechniker \u00fcberall in Polen durchgef\u00fchrt wird.<\/p>\n<p class=\"x_MsoNormal\"><b>Um den Auftrag abzuschlie\u00dfen, ist ein Briefing erforderlich<\/b>, das das Logo und den Inhalt des Designs (z.B. Name, Kontakt, andere grafische Elemente) enth\u00e4lt.<\/p>\n","protected":false},"excerpt":{"rendered":"<p>TRIO aus dem A3447-Kassettenprofil, lackiert, mit schwarzer PVC-R\u00fcckseite, die auf der Innenseite mit wei\u00dfer Folie f\u00fcr eine optimale Lichtstreuung \u00fcberzogen ist. Front aus PMMA OPAL mit Druck, individuell in Absprache mit dem Kunden gestaltet. Im Preis inbegriffen ist ein umfassender Installationsservice, der von einem APS Nova-Servicetechniker \u00fcberall in Polen durchgef\u00fchrt wird. Um den Auftrag abzuschlie\u00dfen,&#8230;<\/p>\n","protected":false},"featured_media":5599,"template":"","meta":[],"product_cat":[214,262],"product_tag":[],"class_list":{"0":"post-5581","1":"product","2":"type-product","3":"status-publish","4":"has-post-thumbnail","6":"product_cat-exposition","7":"product_cat-truhen","9":"first","10":"instock","11":"taxable","12":"shipping-taxable","13":"purchasable","14":"product-type-simple"},"_links":{"self":[{"href":"https:\/\/marketing.lamel.pl\/de\/wp-json\/wp\/v2\/product\/5581"}],"collection":[{"href":"https:\/\/marketing.lamel.pl\/de\/wp-json\/wp\/v2\/product"}],"about":[{"href":"https:\/\/marketing.lamel.pl\/de\/wp-json\/wp\/v2\/types\/product"}],"wp:featuredmedia":[{"embeddable":true,"href":"https:\/\/marketing.lamel.pl\/de\/wp-json\/wp\/v2\/media\/5599"}],"wp:attachment":[{"href":"https:\/\/marketing.lamel.pl\/de\/wp-json\/wp\/v2\/media?parent=5581"}],"wp:term":[{"taxonomy":"product_cat","embeddable":true,"href":"https:\/\/marketing.lamel.pl\/de\/wp-json\/wp\/v2\/product_cat?post=5581"},{"taxonomy":"product_tag","embeddable":true,"href":"https:\/\/marketing.lamel.pl\/de\/wp-json\/wp\/v2\/product_tag?post=5581"}],"curies":[{"name":"wp","href":"https:\/\/api.w.org\/{rel}","templated":true}]}}