{"id":5513,"date":"2025-01-29T08:56:44","date_gmt":"2025-01-29T07:56:44","guid":{"rendered":"https:\/\/marketing.lamel.pl\/?post_type=product&#038;p=5513"},"modified":"2025-02-04T13:51:23","modified_gmt":"2025-02-04T12:51:23","slug":"posterrahmen-a4-in-rot-kopia","status":"publish","type":"product","link":"https:\/\/marketing.lamel.pl\/de\/produkt\/posterrahmen-a4-in-rot-kopia\/","title":{"rendered":"OWZ Rahmen a2"},"content":{"rendered":"<p class=\"x_MsoNormal\" data-olk-copy-source=\"MessageBody\">Der OWZ-Rahmen ist eine elegante und praktische L\u00f6sung f\u00fcr die Pr\u00e4sentation von Postern, Ank\u00fcndigungen oder Grafiken.<\/p>\n<p class=\"x_MsoNormal\">Dank des \u00d6ffnen-Einlegen-Schlie\u00dfen-Mechanismus, der aus vier \u00d6ffnungsarmen besteht, ist das Auswechseln des Inhalts schnell und bequem &#8211; heben Sie einfach die Profile an, legen Sie das neue Poster ein und schlie\u00dfen Sie die Arme, die das Material fest an seinem Platz halten.<\/p>\n<p class=\"x_MsoNormal\">Befestigungsstifte sind im Lieferumfang enthalten, und f\u00fcr eine noch einfachere Montage kann doppelseitiges Klebeband verwendet werden (als separater Artikel im Shop zu bestellen &#8211; 1 Rolle f\u00fcr 2 Rahmen).<\/p>\n","protected":false},"excerpt":{"rendered":"<p>Der OWZ-Rahmen ist eine elegante und praktische L\u00f6sung f\u00fcr die Pr\u00e4sentation von Postern, Ank\u00fcndigungen oder Grafiken. Dank des \u00d6ffnen-Einlegen-Schlie\u00dfen-Mechanismus, der aus vier \u00d6ffnungsarmen besteht, ist das Auswechseln des Inhalts schnell und bequem &#8211; heben Sie einfach die Profile an, legen Sie das neue Poster ein und schlie\u00dfen Sie die Arme, die das Material fest an&#8230;<\/p>\n","protected":false},"featured_media":5520,"template":"","meta":[],"product_cat":[238],"product_tag":[],"class_list":{"0":"post-5513","1":"product","2":"type-product","3":"status-publish","4":"has-post-thumbnail","6":"product_cat-zeigt-an","8":"first","9":"instock","10":"taxable","11":"shipping-taxable","12":"purchasable","13":"product-type-simple"},"_links":{"self":[{"href":"https:\/\/marketing.lamel.pl\/de\/wp-json\/wp\/v2\/product\/5513"}],"collection":[{"href":"https:\/\/marketing.lamel.pl\/de\/wp-json\/wp\/v2\/product"}],"about":[{"href":"https:\/\/marketing.lamel.pl\/de\/wp-json\/wp\/v2\/types\/product"}],"wp:featuredmedia":[{"embeddable":true,"href":"https:\/\/marketing.lamel.pl\/de\/wp-json\/wp\/v2\/media\/5520"}],"wp:attachment":[{"href":"https:\/\/marketing.lamel.pl\/de\/wp-json\/wp\/v2\/media?parent=5513"}],"wp:term":[{"taxonomy":"product_cat","embeddable":true,"href":"https:\/\/marketing.lamel.pl\/de\/wp-json\/wp\/v2\/product_cat?post=5513"},{"taxonomy":"product_tag","embeddable":true,"href":"https:\/\/marketing.lamel.pl\/de\/wp-json\/wp\/v2\/product_tag?post=5513"}],"curies":[{"name":"wp","href":"https:\/\/api.w.org\/{rel}","templated":true}]}}