{"id":5426,"date":"2024-11-04T13:38:22","date_gmt":"2024-11-04T12:38:22","guid":{"rendered":"https:\/\/marketing.lamel.pl\/?post_type=product&#038;p=5426"},"modified":"2024-11-04T13:40:39","modified_gmt":"2024-11-04T12:40:39","slug":"becher-fur-kalte-getranke-kopia","status":"publish","type":"product","link":"https:\/\/marketing.lamel.pl\/de\/produkt\/becher-fur-kalte-getranke-kopia\/","title":{"rendered":"Tasse f\u00fcr hei\u00dfe Getr\u00e4nke"},"content":{"rendered":"<p>Becher f\u00fcr warme Getr\u00e4nke250 ml. Schwarze Farbe<\/p>\n","protected":false},"excerpt":{"rendered":"<p>Becher f\u00fcr warme Getr\u00e4nke250 ml. Schwarze Farbe<\/p>\n","protected":false},"featured_media":5470,"template":"","meta":[],"product_cat":[250,181],"product_tag":[],"class_list":{"0":"post-5426","1":"product","2":"type-product","3":"status-publish","4":"has-post-thumbnail","6":"product_cat-becher","7":"product_cat-werbegadgets","9":"first","10":"instock","11":"taxable","12":"shipping-taxable","13":"purchasable","14":"product-type-simple"},"_links":{"self":[{"href":"https:\/\/marketing.lamel.pl\/de\/wp-json\/wp\/v2\/product\/5426"}],"collection":[{"href":"https:\/\/marketing.lamel.pl\/de\/wp-json\/wp\/v2\/product"}],"about":[{"href":"https:\/\/marketing.lamel.pl\/de\/wp-json\/wp\/v2\/types\/product"}],"wp:featuredmedia":[{"embeddable":true,"href":"https:\/\/marketing.lamel.pl\/de\/wp-json\/wp\/v2\/media\/5470"}],"wp:attachment":[{"href":"https:\/\/marketing.lamel.pl\/de\/wp-json\/wp\/v2\/media?parent=5426"}],"wp:term":[{"taxonomy":"product_cat","embeddable":true,"href":"https:\/\/marketing.lamel.pl\/de\/wp-json\/wp\/v2\/product_cat?post=5426"},{"taxonomy":"product_tag","embeddable":true,"href":"https:\/\/marketing.lamel.pl\/de\/wp-json\/wp\/v2\/product_tag?post=5426"}],"curies":[{"name":"wp","href":"https:\/\/api.w.org\/{rel}","templated":true}]}}