{"id":5414,"date":"2024-11-04T13:36:20","date_gmt":"2024-11-04T12:36:20","guid":{"rendered":"https:\/\/marketing.lamel.pl\/?post_type=product&#038;p=5414"},"modified":"2024-11-04T13:37:34","modified_gmt":"2024-11-04T12:37:34","slug":"schwarzer-thermobecher-mit-logo-kopia","status":"publish","type":"product","link":"https:\/\/marketing.lamel.pl\/de\/produkt\/schwarzer-thermobecher-mit-logo-kopia\/","title":{"rendered":"Becher f\u00fcr kalte Getr\u00e4nke"},"content":{"rendered":"<p>Becher f\u00fcr kalte Getr\u00e4nke 250 ml. Wei\u00dfe Farbe<\/p>\n","protected":false},"excerpt":{"rendered":"<p>Becher f\u00fcr kalte Getr\u00e4nke 250 ml. Wei\u00dfe Farbe<\/p>\n","protected":false},"featured_media":5467,"template":"","meta":[],"product_cat":[250,181],"product_tag":[],"class_list":{"0":"post-5414","1":"product","2":"type-product","3":"status-publish","4":"has-post-thumbnail","6":"product_cat-becher","7":"product_cat-werbegadgets","9":"first","10":"instock","11":"taxable","12":"shipping-taxable","13":"purchasable","14":"product-type-simple"},"_links":{"self":[{"href":"https:\/\/marketing.lamel.pl\/de\/wp-json\/wp\/v2\/product\/5414"}],"collection":[{"href":"https:\/\/marketing.lamel.pl\/de\/wp-json\/wp\/v2\/product"}],"about":[{"href":"https:\/\/marketing.lamel.pl\/de\/wp-json\/wp\/v2\/types\/product"}],"wp:featuredmedia":[{"embeddable":true,"href":"https:\/\/marketing.lamel.pl\/de\/wp-json\/wp\/v2\/media\/5467"}],"wp:attachment":[{"href":"https:\/\/marketing.lamel.pl\/de\/wp-json\/wp\/v2\/media?parent=5414"}],"wp:term":[{"taxonomy":"product_cat","embeddable":true,"href":"https:\/\/marketing.lamel.pl\/de\/wp-json\/wp\/v2\/product_cat?post=5414"},{"taxonomy":"product_tag","embeddable":true,"href":"https:\/\/marketing.lamel.pl\/de\/wp-json\/wp\/v2\/product_tag?post=5414"}],"curies":[{"name":"wp","href":"https:\/\/api.w.org\/{rel}","templated":true}]}}