{"id":5399,"date":"2024-11-04T12:41:11","date_gmt":"2024-11-04T11:41:11","guid":{"rendered":"https:\/\/marketing.lamel.pl\/?post_type=product&#038;p=5399"},"modified":"2024-11-04T12:45:12","modified_gmt":"2024-11-04T11:45:12","slug":"myscreen-produktanzeige-kopia","status":"publish","type":"product","link":"https:\/\/marketing.lamel.pl\/de\/produkt\/myscreen-produktanzeige-kopia\/","title":{"rendered":"Bodenst\u00e4nder mit Haken"},"content":{"rendered":"<p>Bodenst\u00e4nder f\u00fcr Produkte mit Haken.<\/p>\n","protected":false},"excerpt":{"rendered":"<p>Bodenst\u00e4nder f\u00fcr Produkte mit Haken.<\/p>\n","protected":false},"featured_media":5424,"template":"","meta":[],"product_cat":[238],"product_tag":[],"class_list":{"0":"post-5399","1":"product","2":"type-product","3":"status-publish","4":"has-post-thumbnail","6":"product_cat-zeigt-an","8":"first","9":"instock","10":"taxable","11":"shipping-taxable","12":"purchasable","13":"product-type-simple"},"_links":{"self":[{"href":"https:\/\/marketing.lamel.pl\/de\/wp-json\/wp\/v2\/product\/5399"}],"collection":[{"href":"https:\/\/marketing.lamel.pl\/de\/wp-json\/wp\/v2\/product"}],"about":[{"href":"https:\/\/marketing.lamel.pl\/de\/wp-json\/wp\/v2\/types\/product"}],"wp:featuredmedia":[{"embeddable":true,"href":"https:\/\/marketing.lamel.pl\/de\/wp-json\/wp\/v2\/media\/5424"}],"wp:attachment":[{"href":"https:\/\/marketing.lamel.pl\/de\/wp-json\/wp\/v2\/media?parent=5399"}],"wp:term":[{"taxonomy":"product_cat","embeddable":true,"href":"https:\/\/marketing.lamel.pl\/de\/wp-json\/wp\/v2\/product_cat?post=5399"},{"taxonomy":"product_tag","embeddable":true,"href":"https:\/\/marketing.lamel.pl\/de\/wp-json\/wp\/v2\/product_tag?post=5399"}],"curies":[{"name":"wp","href":"https:\/\/api.w.org\/{rel}","templated":true}]}}