{"id":5392,"date":"2024-11-04T12:34:46","date_gmt":"2024-11-04T11:34:46","guid":{"rendered":"https:\/\/marketing.lamel.pl\/?post_type=product&#038;p=5392"},"modified":"2024-11-04T12:37:27","modified_gmt":"2024-11-04T11:37:27","slug":"runder-aufkleber-mit-einem-durchmesser-von-10-cm-kopia","status":"publish","type":"product","link":"https:\/\/marketing.lamel.pl\/de\/produkt\/runder-aufkleber-mit-einem-durchmesser-von-10-cm-kopia\/","title":{"rendered":"Runder Aufkleber mit einem Durchmesser von 20 cm DE"},"content":{"rendered":"<p>Aufkleber, gedruckt auf einer speziellen Klebe-\/Abziehfolie. Mit Informationen \u00fcber die M\u00f6glichkeit, MyScreen-Produkte zu kaufen. &#8222;Hier k\u00f6nnen Sie kaufen&#8220;.<\/p>\n","protected":false},"excerpt":{"rendered":"<p>Aufkleber, gedruckt auf einer speziellen Klebe-\/Abziehfolie. Mit Informationen \u00fcber die M\u00f6glichkeit, MyScreen-Produkte zu kaufen. &#8222;Hier k\u00f6nnen Sie kaufen&#8220;.<\/p>\n","protected":false},"featured_media":5038,"template":"","meta":[],"product_cat":[244],"product_tag":[],"class_list":{"0":"post-5392","1":"product","2":"type-product","3":"status-publish","4":"has-post-thumbnail","6":"product_cat-aufkleber","8":"first","9":"instock","10":"taxable","11":"shipping-taxable","12":"purchasable","13":"product-type-simple"},"_links":{"self":[{"href":"https:\/\/marketing.lamel.pl\/de\/wp-json\/wp\/v2\/product\/5392"}],"collection":[{"href":"https:\/\/marketing.lamel.pl\/de\/wp-json\/wp\/v2\/product"}],"about":[{"href":"https:\/\/marketing.lamel.pl\/de\/wp-json\/wp\/v2\/types\/product"}],"wp:featuredmedia":[{"embeddable":true,"href":"https:\/\/marketing.lamel.pl\/de\/wp-json\/wp\/v2\/media\/5038"}],"wp:attachment":[{"href":"https:\/\/marketing.lamel.pl\/de\/wp-json\/wp\/v2\/media?parent=5392"}],"wp:term":[{"taxonomy":"product_cat","embeddable":true,"href":"https:\/\/marketing.lamel.pl\/de\/wp-json\/wp\/v2\/product_cat?post=5392"},{"taxonomy":"product_tag","embeddable":true,"href":"https:\/\/marketing.lamel.pl\/de\/wp-json\/wp\/v2\/product_tag?post=5392"}],"curies":[{"name":"wp","href":"https:\/\/api.w.org\/{rel}","templated":true}]}}