{"id":5299,"date":"2023-04-17T11:14:56","date_gmt":"2023-04-17T09:14:56","guid":{"rendered":"https:\/\/marketing.lamel.pl\/produkt\/fashion-skin-broschuere-im-dl-format\/"},"modified":"2023-04-17T11:14:56","modified_gmt":"2023-04-17T09:14:56","slug":"fashion-skin-broschuere-im-dl-format","status":"publish","type":"product","link":"https:\/\/marketing.lamel.pl\/de\/produkt\/fashion-skin-broschuere-im-dl-format\/","title":{"rendered":"Fashion SKIN Brosch\u00fcre im DL-Format"},"content":{"rendered":"<p>Doppelseitiges Faltblatt mit einer Beschreibung der Vorteile der MyScreen CUT&amp;USE FASHION SKIN Schutzfolie. Auf der R\u00fcckseite befinden sich allgemeine Informationen \u00fcber die Marke MyScreen und ein Feld zum Anbringen eines Stempels oder Aufklebers mit Informationen \u00fcber die Verkaufsstelle.<\/p>\n","protected":false},"excerpt":{"rendered":"<p>Doppelseitiges Faltblatt mit einer Beschreibung der Vorteile der MyScreen CUT&amp;USE FASHION SKIN Schutzfolie. Auf der R\u00fcckseite befinden sich allgemeine Informationen \u00fcber die Marke MyScreen und ein Feld zum Anbringen eines Stempels oder Aufklebers mit Informationen \u00fcber die Verkaufsstelle.<\/p>\n","protected":false},"featured_media":4778,"template":"","meta":[],"product_cat":[194],"product_tag":[],"class_list":{"0":"post-5299","1":"product","2":"type-product","3":"status-publish","4":"has-post-thumbnail","6":"product_cat-dl-broschuren","8":"first","9":"instock","10":"taxable","11":"shipping-taxable","12":"purchasable","13":"product-type-simple"},"_links":{"self":[{"href":"https:\/\/marketing.lamel.pl\/de\/wp-json\/wp\/v2\/product\/5299"}],"collection":[{"href":"https:\/\/marketing.lamel.pl\/de\/wp-json\/wp\/v2\/product"}],"about":[{"href":"https:\/\/marketing.lamel.pl\/de\/wp-json\/wp\/v2\/types\/product"}],"wp:featuredmedia":[{"embeddable":true,"href":"https:\/\/marketing.lamel.pl\/de\/wp-json\/wp\/v2\/media\/4778"}],"wp:attachment":[{"href":"https:\/\/marketing.lamel.pl\/de\/wp-json\/wp\/v2\/media?parent=5299"}],"wp:term":[{"taxonomy":"product_cat","embeddable":true,"href":"https:\/\/marketing.lamel.pl\/de\/wp-json\/wp\/v2\/product_cat?post=5299"},{"taxonomy":"product_tag","embeddable":true,"href":"https:\/\/marketing.lamel.pl\/de\/wp-json\/wp\/v2\/product_tag?post=5299"}],"curies":[{"name":"wp","href":"https:\/\/api.w.org\/{rel}","templated":true}]}}