{"id":5280,"date":"2023-04-17T13:25:12","date_gmt":"2023-04-17T11:25:12","guid":{"rendered":"https:\/\/marketing.lamel.pl\/produkt\/brieftasche-21x17x2-de\/"},"modified":"2025-11-13T14:19:17","modified_gmt":"2025-11-13T13:19:17","slug":"brieftasche-21x17x2-de","status":"publish","type":"product","link":"https:\/\/marketing.lamel.pl\/de\/produkt\/brieftasche-21x17x2-de\/","title":{"rendered":"Plakat &#8220; Hier k\u00f6nnen Sie kaufen&#8230;&#8220; &#8211; DE"},"content":{"rendered":"<p>M\u00fcnzbet\u00e4tigte Brieftasche mit dem Slogan &#8218;Kaufen Sie hier Ihren Smartphone-Schutz&#8216;.<\/p>\n","protected":false},"excerpt":{"rendered":"<p>M\u00fcnzbet\u00e4tigte Brieftasche mit dem Slogan &#8218;Kaufen Sie hier Ihren Smartphone-Schutz&#8216;.<\/p>\n","protected":false},"featured_media":4786,"template":"","meta":[],"product_cat":[238],"product_tag":[],"class_list":{"0":"post-5280","1":"product","2":"type-product","3":"status-publish","4":"has-post-thumbnail","6":"product_cat-zeigt-an","8":"first","9":"instock","10":"taxable","11":"shipping-taxable","12":"purchasable","13":"product-type-simple"},"_links":{"self":[{"href":"https:\/\/marketing.lamel.pl\/de\/wp-json\/wp\/v2\/product\/5280"}],"collection":[{"href":"https:\/\/marketing.lamel.pl\/de\/wp-json\/wp\/v2\/product"}],"about":[{"href":"https:\/\/marketing.lamel.pl\/de\/wp-json\/wp\/v2\/types\/product"}],"wp:featuredmedia":[{"embeddable":true,"href":"https:\/\/marketing.lamel.pl\/de\/wp-json\/wp\/v2\/media\/4786"}],"wp:attachment":[{"href":"https:\/\/marketing.lamel.pl\/de\/wp-json\/wp\/v2\/media?parent=5280"}],"wp:term":[{"taxonomy":"product_cat","embeddable":true,"href":"https:\/\/marketing.lamel.pl\/de\/wp-json\/wp\/v2\/product_cat?post=5280"},{"taxonomy":"product_tag","embeddable":true,"href":"https:\/\/marketing.lamel.pl\/de\/wp-json\/wp\/v2\/product_tag?post=5280"}],"curies":[{"name":"wp","href":"https:\/\/api.w.org\/{rel}","templated":true}]}}