{"id":5277,"date":"2023-04-18T10:51:52","date_gmt":"2023-04-18T08:51:52","guid":{"rendered":"https:\/\/marketing.lamel.pl\/produkt\/runder-aufkleber-durchmesser-20-cm\/"},"modified":"2025-02-10T09:26:13","modified_gmt":"2025-02-10T08:26:13","slug":"runder-aufkleber-durchmesser-20-cm","status":"publish","type":"product","link":"https:\/\/marketing.lamel.pl\/de\/produkt\/runder-aufkleber-durchmesser-20-cm\/","title":{"rendered":"Runder Aufkleber, Durchmesser 20 cm"},"content":{"rendered":"<p>Aufkleber auf einer speziellen Klebe-\/Abziehfolie. Mit Informationen \u00fcber die M\u00f6glichkeit, MyScreen-Produkte zu kaufen. &#8222;Kaufen Sie hier Schutz f\u00fcr Ihr Smartphone&#8220;.<\/p>\n","protected":false},"excerpt":{"rendered":"<p>Aufkleber auf einer speziellen Klebe-\/Abziehfolie. Mit Informationen \u00fcber die M\u00f6glichkeit, MyScreen-Produkte zu kaufen. &#8222;Kaufen Sie hier Schutz f\u00fcr Ihr Smartphone&#8220;.<\/p>\n","protected":false},"featured_media":4794,"template":"","meta":[],"product_cat":[244],"product_tag":[],"class_list":{"0":"post-5277","1":"product","2":"type-product","3":"status-publish","4":"has-post-thumbnail","6":"product_cat-aufkleber","8":"first","9":"outofstock","10":"taxable","11":"shipping-taxable","12":"purchasable","13":"product-type-simple"},"_links":{"self":[{"href":"https:\/\/marketing.lamel.pl\/de\/wp-json\/wp\/v2\/product\/5277"}],"collection":[{"href":"https:\/\/marketing.lamel.pl\/de\/wp-json\/wp\/v2\/product"}],"about":[{"href":"https:\/\/marketing.lamel.pl\/de\/wp-json\/wp\/v2\/types\/product"}],"wp:featuredmedia":[{"embeddable":true,"href":"https:\/\/marketing.lamel.pl\/de\/wp-json\/wp\/v2\/media\/4794"}],"wp:attachment":[{"href":"https:\/\/marketing.lamel.pl\/de\/wp-json\/wp\/v2\/media?parent=5277"}],"wp:term":[{"taxonomy":"product_cat","embeddable":true,"href":"https:\/\/marketing.lamel.pl\/de\/wp-json\/wp\/v2\/product_cat?post=5277"},{"taxonomy":"product_tag","embeddable":true,"href":"https:\/\/marketing.lamel.pl\/de\/wp-json\/wp\/v2\/product_tag?post=5277"}],"curies":[{"name":"wp","href":"https:\/\/api.w.org\/{rel}","templated":true}]}}