{"id":5272,"date":"2023-04-18T10:53:23","date_gmt":"2023-04-18T08:53:23","guid":{"rendered":"https:\/\/marketing.lamel.pl\/produkt\/poster-hier-koennen-sie-schutz-fuer-ihr-smartphone-kaufen-im-b1-format\/"},"modified":"2023-04-18T10:53:23","modified_gmt":"2023-04-18T08:53:23","slug":"poster-hier-koennen-sie-schutz-fuer-ihr-smartphone-kaufen-im-b1-format","status":"publish","type":"product","link":"https:\/\/marketing.lamel.pl\/de\/produkt\/poster-hier-koennen-sie-schutz-fuer-ihr-smartphone-kaufen-im-b1-format\/","title":{"rendered":"Poster &#8222;Hier k\u00f6nnen Sie Schutz f\u00fcr Ihr Smartphone kaufen&#8220; im B1-Format"},"content":{"rendered":"<p>A2-gro\u00dfes Poster mit dem Slogan: &#8222;Hier k\u00f6nnen Sie Schutz f\u00fcr Ihr Smartphone kaufen&#8230;. und mehr.&#8220;<\/p>\n","protected":false},"excerpt":{"rendered":"<p>A2-gro\u00dfes Poster mit dem Slogan: &#8222;Hier k\u00f6nnen Sie Schutz f\u00fcr Ihr Smartphone kaufen&#8230;. und mehr.&#8220;<\/p>\n","protected":false},"featured_media":4796,"template":"","meta":[],"product_cat":[220],"product_tag":[],"class_list":{"0":"post-5272","1":"product","2":"type-product","3":"status-publish","4":"has-post-thumbnail","6":"product_cat-plakate","8":"first","9":"onbackorder","10":"taxable","11":"shipping-taxable","12":"purchasable","13":"product-type-simple"},"_links":{"self":[{"href":"https:\/\/marketing.lamel.pl\/de\/wp-json\/wp\/v2\/product\/5272"}],"collection":[{"href":"https:\/\/marketing.lamel.pl\/de\/wp-json\/wp\/v2\/product"}],"about":[{"href":"https:\/\/marketing.lamel.pl\/de\/wp-json\/wp\/v2\/types\/product"}],"wp:featuredmedia":[{"embeddable":true,"href":"https:\/\/marketing.lamel.pl\/de\/wp-json\/wp\/v2\/media\/4796"}],"wp:attachment":[{"href":"https:\/\/marketing.lamel.pl\/de\/wp-json\/wp\/v2\/media?parent=5272"}],"wp:term":[{"taxonomy":"product_cat","embeddable":true,"href":"https:\/\/marketing.lamel.pl\/de\/wp-json\/wp\/v2\/product_cat?post=5272"},{"taxonomy":"product_tag","embeddable":true,"href":"https:\/\/marketing.lamel.pl\/de\/wp-json\/wp\/v2\/product_tag?post=5272"}],"curies":[{"name":"wp","href":"https:\/\/api.w.org\/{rel}","templated":true}]}}