{"id":5271,"date":"2023-04-18T10:34:50","date_gmt":"2023-04-18T08:34:50","guid":{"rendered":"https:\/\/marketing.lamel.pl\/produkt\/runder-aufkleber-mit-einem-durchmesser-von-10-cm\/"},"modified":"2025-02-10T09:27:33","modified_gmt":"2025-02-10T08:27:33","slug":"runder-aufkleber-mit-einem-durchmesser-von-10-cm","status":"publish","type":"product","link":"https:\/\/marketing.lamel.pl\/de\/produkt\/runder-aufkleber-mit-einem-durchmesser-von-10-cm\/","title":{"rendered":"Runder Aufkleber mit einem Durchmesser von 10 cm"},"content":{"rendered":"<p>Aufkleber auf spezieller Klebe-\/Abklebefolie gedruckt. Mit Informationen \u00fcber die M\u00f6glichkeit, MyScreen-Produkte zu kaufen.<\/p>\n<p>&#8222;Hier kaufen Sie Schutz f\u00fcr Ihr Smartphone&#8220;.<\/p>\n","protected":false},"excerpt":{"rendered":"<p>Aufkleber auf spezieller Klebe-\/Abklebefolie gedruckt. Mit Informationen \u00fcber die M\u00f6glichkeit, MyScreen-Produkte zu kaufen. &#8222;Hier kaufen Sie Schutz f\u00fcr Ihr Smartphone&#8220;.<\/p>\n","protected":false},"featured_media":4794,"template":"","meta":[],"product_cat":[244],"product_tag":[],"class_list":{"0":"post-5271","1":"product","2":"type-product","3":"status-publish","4":"has-post-thumbnail","6":"product_cat-aufkleber","8":"first","9":"instock","10":"taxable","11":"shipping-taxable","12":"purchasable","13":"product-type-simple"},"_links":{"self":[{"href":"https:\/\/marketing.lamel.pl\/de\/wp-json\/wp\/v2\/product\/5271"}],"collection":[{"href":"https:\/\/marketing.lamel.pl\/de\/wp-json\/wp\/v2\/product"}],"about":[{"href":"https:\/\/marketing.lamel.pl\/de\/wp-json\/wp\/v2\/types\/product"}],"wp:featuredmedia":[{"embeddable":true,"href":"https:\/\/marketing.lamel.pl\/de\/wp-json\/wp\/v2\/media\/4794"}],"wp:attachment":[{"href":"https:\/\/marketing.lamel.pl\/de\/wp-json\/wp\/v2\/media?parent=5271"}],"wp:term":[{"taxonomy":"product_cat","embeddable":true,"href":"https:\/\/marketing.lamel.pl\/de\/wp-json\/wp\/v2\/product_cat?post=5271"},{"taxonomy":"product_tag","embeddable":true,"href":"https:\/\/marketing.lamel.pl\/de\/wp-json\/wp\/v2\/product_tag?post=5271"}],"curies":[{"name":"wp","href":"https:\/\/api.w.org\/{rel}","templated":true}]}}