{"id":5207,"date":"2023-07-03T13:43:16","date_gmt":"2023-07-03T11:43:16","guid":{"rendered":"https:\/\/marketing.lamel.pl\/produkt\/katalogstaender-mit-koffer\/"},"modified":"2024-11-04T14:37:23","modified_gmt":"2024-11-04T13:37:23","slug":"katalogstaender-mit-koffer","status":"publish","type":"product","link":"https:\/\/marketing.lamel.pl\/de\/produkt\/katalogstaender-mit-koffer\/","title":{"rendered":"Katalogst\u00e4nder mit Koffer"},"content":{"rendered":"<p>Prospektst\u00e4nder aus einer Kombination aus robustem Aluminium und Acrylglas. Er verf\u00fcgt \u00fcber sechs Ablagen f\u00fcr Prospekte bis zum Format A3. Dank seines symmetrischen Designs k\u00f6nnen die Prospekte auf beiden Seiten des St\u00e4nders angeordnet werden. Das Produkt ist in einem eleganten, verst\u00e4rkten Koffer verpackt.<\/p>\n<p><strong>Vorteile:<\/strong><\/p>\n<ul>\n<li>Auffallendes und \u00e4sthetisch ansprechendes Aussehen<\/li>\n<li>Einfache und schnelle Montage und Demontage<\/li>\n<li>Bequem zu transportieren<\/li>\n<li>Transportkoffer<\/li>\n<\/ul>\n<p><strong>Abmessungen und Gewicht:<\/strong><\/p>\n<ul>\n<li>Format: A3\/A4<\/li>\n<li>H\u00f6he: 150cm<\/li>\n<li>Gewicht: 7.5\/8.5kg<\/li>\n<\/ul>\n","protected":false},"excerpt":{"rendered":"<p>Prospektst\u00e4nder aus einer Kombination aus robustem Aluminium und Acrylglas. Er verf\u00fcgt \u00fcber sechs Ablagen f\u00fcr Prospekte bis zum Format A3. Dank seines symmetrischen Designs k\u00f6nnen die Prospekte auf beiden Seiten des St\u00e4nders angeordnet werden. Das Produkt ist in einem eleganten, verst\u00e4rkten Koffer verpackt. Vorteile: Auffallendes und \u00e4sthetisch ansprechendes Aussehen Einfache und schnelle Montage und Demontage&#8230;<\/p>\n","protected":false},"featured_media":5460,"template":"","meta":[],"product_cat":[214],"product_tag":[],"class_list":{"0":"post-5207","1":"product","2":"type-product","3":"status-publish","4":"has-post-thumbnail","6":"product_cat-exposition","8":"first","9":"instock","10":"taxable","11":"shipping-taxable","12":"purchasable","13":"product-type-simple"},"_links":{"self":[{"href":"https:\/\/marketing.lamel.pl\/de\/wp-json\/wp\/v2\/product\/5207"}],"collection":[{"href":"https:\/\/marketing.lamel.pl\/de\/wp-json\/wp\/v2\/product"}],"about":[{"href":"https:\/\/marketing.lamel.pl\/de\/wp-json\/wp\/v2\/types\/product"}],"wp:featuredmedia":[{"embeddable":true,"href":"https:\/\/marketing.lamel.pl\/de\/wp-json\/wp\/v2\/media\/5460"}],"wp:attachment":[{"href":"https:\/\/marketing.lamel.pl\/de\/wp-json\/wp\/v2\/media?parent=5207"}],"wp:term":[{"taxonomy":"product_cat","embeddable":true,"href":"https:\/\/marketing.lamel.pl\/de\/wp-json\/wp\/v2\/product_cat?post=5207"},{"taxonomy":"product_tag","embeddable":true,"href":"https:\/\/marketing.lamel.pl\/de\/wp-json\/wp\/v2\/product_tag?post=5207"}],"curies":[{"name":"wp","href":"https:\/\/api.w.org\/{rel}","templated":true}]}}