{"id":5205,"date":"2023-07-03T13:09:12","date_gmt":"2023-07-03T11:09:12","guid":{"rendered":"https:\/\/marketing.lamel.pl\/produkt\/plakat-hier-koennen-sie-kaufen-eng\/"},"modified":"2025-01-29T10:36:55","modified_gmt":"2025-01-29T09:36:55","slug":"plakat-hier-koennen-sie-kaufen-eng","status":"publish","type":"product","link":"https:\/\/marketing.lamel.pl\/de\/produkt\/plakat-hier-koennen-sie-kaufen-eng\/","title":{"rendered":"Plakat &#8222;Hier k\u00f6nnen Sie kaufen&#8230;&#8220; &#8211; ENG"},"content":{"rendered":"<div class=\"w-post-elm post_content\">\n<p>M\u00fcnzbet\u00e4tigte Brieftasche mit dem Slogan &#8222;Hier k\u00f6nnen Sie kaufen&#8230;&#8220;. Englische Version. Abmessungen: 21cm x 17cm x 2cm <\/p>\n<\/div>\n","protected":false},"excerpt":{"rendered":"<p>M\u00fcnzbet\u00e4tigte Brieftasche mit dem Slogan &#8222;Hier k\u00f6nnen Sie kaufen&#8230;&#8220;. Englische Version. Abmessungen: 21cm x 17cm x 2cm<\/p>\n","protected":false},"featured_media":4910,"template":"","meta":[],"product_cat":[214,238],"product_tag":[],"class_list":{"0":"post-5205","1":"product","2":"type-product","3":"status-publish","4":"has-post-thumbnail","6":"product_cat-exposition","7":"product_cat-zeigt-an","9":"first","10":"instock","11":"taxable","12":"shipping-taxable","13":"purchasable","14":"product-type-simple"},"_links":{"self":[{"href":"https:\/\/marketing.lamel.pl\/de\/wp-json\/wp\/v2\/product\/5205"}],"collection":[{"href":"https:\/\/marketing.lamel.pl\/de\/wp-json\/wp\/v2\/product"}],"about":[{"href":"https:\/\/marketing.lamel.pl\/de\/wp-json\/wp\/v2\/types\/product"}],"wp:featuredmedia":[{"embeddable":true,"href":"https:\/\/marketing.lamel.pl\/de\/wp-json\/wp\/v2\/media\/4910"}],"wp:attachment":[{"href":"https:\/\/marketing.lamel.pl\/de\/wp-json\/wp\/v2\/media?parent=5205"}],"wp:term":[{"taxonomy":"product_cat","embeddable":true,"href":"https:\/\/marketing.lamel.pl\/de\/wp-json\/wp\/v2\/product_cat?post=5205"},{"taxonomy":"product_tag","embeddable":true,"href":"https:\/\/marketing.lamel.pl\/de\/wp-json\/wp\/v2\/product_tag?post=5205"}],"curies":[{"name":"wp","href":"https:\/\/api.w.org\/{rel}","templated":true}]}}