{"id":5201,"date":"2023-07-03T13:23:31","date_gmt":"2023-07-03T11:23:31","guid":{"rendered":"https:\/\/marketing.lamel.pl\/produkt\/poster-hier-koennen-sie-kaufen-eng\/"},"modified":"2023-07-03T13:23:31","modified_gmt":"2023-07-03T11:23:31","slug":"poster-hier-koennen-sie-kaufen-eng","status":"publish","type":"product","link":"https:\/\/marketing.lamel.pl\/de\/produkt\/poster-hier-koennen-sie-kaufen-eng\/","title":{"rendered":"Poster &#8222;Hier k\u00f6nnen Sie kaufen&#8230;&#8220; &#8211; ENG"},"content":{"rendered":"<p>Poster &#8222;Hier k\u00f6nnen Sie Schutz f\u00fcr Ihr Smartphone kaufen&#8220; im Format A2, englische Version.<\/p>\n","protected":false},"excerpt":{"rendered":"<p>Poster &#8222;Hier k\u00f6nnen Sie Schutz f\u00fcr Ihr Smartphone kaufen&#8220; im Format A2, englische Version.<\/p>\n","protected":false},"featured_media":4912,"template":"","meta":[],"product_cat":[214,220],"product_tag":[],"class_list":{"0":"post-5201","1":"product","2":"type-product","3":"status-publish","4":"has-post-thumbnail","6":"product_cat-exposition","7":"product_cat-plakate","9":"first","10":"instock","11":"taxable","12":"shipping-taxable","13":"purchasable","14":"product-type-simple"},"_links":{"self":[{"href":"https:\/\/marketing.lamel.pl\/de\/wp-json\/wp\/v2\/product\/5201"}],"collection":[{"href":"https:\/\/marketing.lamel.pl\/de\/wp-json\/wp\/v2\/product"}],"about":[{"href":"https:\/\/marketing.lamel.pl\/de\/wp-json\/wp\/v2\/types\/product"}],"wp:featuredmedia":[{"embeddable":true,"href":"https:\/\/marketing.lamel.pl\/de\/wp-json\/wp\/v2\/media\/4912"}],"wp:attachment":[{"href":"https:\/\/marketing.lamel.pl\/de\/wp-json\/wp\/v2\/media?parent=5201"}],"wp:term":[{"taxonomy":"product_cat","embeddable":true,"href":"https:\/\/marketing.lamel.pl\/de\/wp-json\/wp\/v2\/product_cat?post=5201"},{"taxonomy":"product_tag","embeddable":true,"href":"https:\/\/marketing.lamel.pl\/de\/wp-json\/wp\/v2\/product_tag?post=5201"}],"curies":[{"name":"wp","href":"https:\/\/api.w.org\/{rel}","templated":true}]}}