{"id":5198,"date":"2023-07-03T13:56:12","date_gmt":"2023-07-03T11:56:12","guid":{"rendered":"https:\/\/marketing.lamel.pl\/produkt\/roll-up-hier-koennen-sie-kaufen-eng\/"},"modified":"2023-07-03T13:56:12","modified_gmt":"2023-07-03T11:56:12","slug":"roll-up-hier-koennen-sie-kaufen-eng","status":"publish","type":"product","link":"https:\/\/marketing.lamel.pl\/de\/produkt\/roll-up-hier-koennen-sie-kaufen-eng\/","title":{"rendered":"Roll-up ,,Hier k\u00f6nnen Sie kaufen&#8230;&#8220; &#8211; ENG"},"content":{"rendered":"<p>Roll-up mit dem Slogan &#8218;Hier k\u00f6nnen Sie den Schutz f\u00fcr Ihr Ger\u00e4t kaufen&#8216;.<\/p>\n","protected":false},"excerpt":{"rendered":"<p>Roll-up mit dem Slogan &#8218;Hier k\u00f6nnen Sie den Schutz f\u00fcr Ihr Ger\u00e4t kaufen&#8216;.<\/p>\n","protected":false},"featured_media":4926,"template":"","meta":[],"product_cat":[215,214],"product_tag":[],"class_list":{"0":"post-5198","1":"product","2":"type-product","3":"status-publish","4":"has-post-thumbnail","6":"product_cat-aufrollen","7":"product_cat-exposition","9":"first","10":"instock","11":"taxable","12":"shipping-taxable","13":"purchasable","14":"product-type-simple"},"_links":{"self":[{"href":"https:\/\/marketing.lamel.pl\/de\/wp-json\/wp\/v2\/product\/5198"}],"collection":[{"href":"https:\/\/marketing.lamel.pl\/de\/wp-json\/wp\/v2\/product"}],"about":[{"href":"https:\/\/marketing.lamel.pl\/de\/wp-json\/wp\/v2\/types\/product"}],"wp:featuredmedia":[{"embeddable":true,"href":"https:\/\/marketing.lamel.pl\/de\/wp-json\/wp\/v2\/media\/4926"}],"wp:attachment":[{"href":"https:\/\/marketing.lamel.pl\/de\/wp-json\/wp\/v2\/media?parent=5198"}],"wp:term":[{"taxonomy":"product_cat","embeddable":true,"href":"https:\/\/marketing.lamel.pl\/de\/wp-json\/wp\/v2\/product_cat?post=5198"},{"taxonomy":"product_tag","embeddable":true,"href":"https:\/\/marketing.lamel.pl\/de\/wp-json\/wp\/v2\/product_tag?post=5198"}],"curies":[{"name":"wp","href":"https:\/\/api.w.org\/{rel}","templated":true}]}}