{"id":5197,"date":"2023-07-03T14:15:16","date_gmt":"2023-07-03T12:15:16","guid":{"rendered":"https:\/\/marketing.lamel.pl\/produkt\/polohemd-mit-kragen\/"},"modified":"2025-02-20T12:44:43","modified_gmt":"2025-02-20T11:44:43","slug":"polohemd-mit-kragen","status":"publish","type":"product","link":"https:\/\/marketing.lamel.pl\/de\/produkt\/polohemd-mit-kragen\/","title":{"rendered":"Polohemd mit Kragen"},"content":{"rendered":"<p>Poloshirt mit Kragen Logo auf der linken Brust. Farbe schwarz auf Anfrage in den Gr\u00f6\u00dfen: S,M,L,XL Damen- und Herrengr\u00f6\u00dfen<\/p>\n","protected":false},"excerpt":{"rendered":"<p>Poloshirt mit Kragen Logo auf der linken Brust. Farbe schwarz auf Anfrage in den Gr\u00f6\u00dfen: S,M,L,XL Damen- und Herrengr\u00f6\u00dfen<\/p>\n","protected":false},"featured_media":5030,"template":"","meta":[],"product_cat":[184],"product_tag":[],"class_list":{"0":"post-5197","1":"product","2":"type-product","3":"status-publish","4":"has-post-thumbnail","6":"product_cat-kleidung","8":"first","9":"outofstock","10":"taxable","11":"shipping-taxable","12":"purchasable","13":"product-type-variable"},"_links":{"self":[{"href":"https:\/\/marketing.lamel.pl\/de\/wp-json\/wp\/v2\/product\/5197"}],"collection":[{"href":"https:\/\/marketing.lamel.pl\/de\/wp-json\/wp\/v2\/product"}],"about":[{"href":"https:\/\/marketing.lamel.pl\/de\/wp-json\/wp\/v2\/types\/product"}],"wp:featuredmedia":[{"embeddable":true,"href":"https:\/\/marketing.lamel.pl\/de\/wp-json\/wp\/v2\/media\/5030"}],"wp:attachment":[{"href":"https:\/\/marketing.lamel.pl\/de\/wp-json\/wp\/v2\/media?parent=5197"}],"wp:term":[{"taxonomy":"product_cat","embeddable":true,"href":"https:\/\/marketing.lamel.pl\/de\/wp-json\/wp\/v2\/product_cat?post=5197"},{"taxonomy":"product_tag","embeddable":true,"href":"https:\/\/marketing.lamel.pl\/de\/wp-json\/wp\/v2\/product_tag?post=5197"}],"curies":[{"name":"wp","href":"https:\/\/api.w.org\/{rel}","templated":true}]}}