{"id":5192,"date":"2023-07-03T14:16:39","date_gmt":"2023-07-03T12:16:39","guid":{"rendered":"https:\/\/marketing.lamel.pl\/produkt\/t-shirt-mit-logo\/"},"modified":"2025-01-29T10:47:18","modified_gmt":"2025-01-29T09:47:18","slug":"t-shirt-mit-logo","status":"publish","type":"product","link":"https:\/\/marketing.lamel.pl\/de\/produkt\/t-shirt-mit-logo\/","title":{"rendered":"T-shirt mit Logo"},"content":{"rendered":"<p>Myscreen Logo-T-Shirt Schwarz Verf\u00fcgbare Gr\u00f6\u00dfen auf Anfrage S,M,L,XL,XXL Damen oder Herren<\/p>\n","protected":false},"excerpt":{"rendered":"<p>Myscreen Logo-T-Shirt Schwarz Verf\u00fcgbare Gr\u00f6\u00dfen auf Anfrage S,M,L,XL,XXL Damen oder Herren<\/p>\n","protected":false},"featured_media":5032,"template":"","meta":[],"product_cat":[184],"product_tag":[],"class_list":{"0":"post-5192","1":"product","2":"type-product","3":"status-publish","4":"has-post-thumbnail","6":"product_cat-kleidung","8":"first","9":"outofstock","10":"taxable","11":"shipping-taxable","12":"purchasable","13":"product-type-simple"},"_links":{"self":[{"href":"https:\/\/marketing.lamel.pl\/de\/wp-json\/wp\/v2\/product\/5192"}],"collection":[{"href":"https:\/\/marketing.lamel.pl\/de\/wp-json\/wp\/v2\/product"}],"about":[{"href":"https:\/\/marketing.lamel.pl\/de\/wp-json\/wp\/v2\/types\/product"}],"wp:featuredmedia":[{"embeddable":true,"href":"https:\/\/marketing.lamel.pl\/de\/wp-json\/wp\/v2\/media\/5032"}],"wp:attachment":[{"href":"https:\/\/marketing.lamel.pl\/de\/wp-json\/wp\/v2\/media?parent=5192"}],"wp:term":[{"taxonomy":"product_cat","embeddable":true,"href":"https:\/\/marketing.lamel.pl\/de\/wp-json\/wp\/v2\/product_cat?post=5192"},{"taxonomy":"product_tag","embeddable":true,"href":"https:\/\/marketing.lamel.pl\/de\/wp-json\/wp\/v2\/product_tag?post=5192"}],"curies":[{"name":"wp","href":"https:\/\/api.w.org\/{rel}","templated":true}]}}