{"id":5169,"date":"2024-10-31T10:10:07","date_gmt":"2024-10-31T09:10:07","guid":{"rendered":"https:\/\/marketing.lamel.pl\/produkt\/automobil-prospekt-auf-englisch\/"},"modified":"2025-02-10T09:17:26","modified_gmt":"2025-02-10T08:17:26","slug":"automobil-prospekt-auf-englisch","status":"publish","type":"product","link":"https:\/\/marketing.lamel.pl\/de\/produkt\/automobil-prospekt-auf-englisch\/","title":{"rendered":"Automobil-Prospekt auf Englisch"},"content":{"rendered":"<p>Brosch\u00fcre \u00fcber die L\u00f6sungen von MyScreen Automotive auf Englisch<\/p>\n","protected":false},"excerpt":{"rendered":"<p>Brosch\u00fcre \u00fcber die L\u00f6sungen von MyScreen Automotive auf Englisch<\/p>\n","protected":false},"featured_media":4970,"template":"","meta":[],"product_cat":[193,194],"product_tag":[],"class_list":{"0":"post-5169","1":"product","2":"type-product","3":"status-publish","4":"has-post-thumbnail","6":"product_cat-broschuren","7":"product_cat-dl-broschuren","9":"first","10":"instock","11":"taxable","12":"shipping-taxable","13":"purchasable","14":"product-type-simple"},"_links":{"self":[{"href":"https:\/\/marketing.lamel.pl\/de\/wp-json\/wp\/v2\/product\/5169"}],"collection":[{"href":"https:\/\/marketing.lamel.pl\/de\/wp-json\/wp\/v2\/product"}],"about":[{"href":"https:\/\/marketing.lamel.pl\/de\/wp-json\/wp\/v2\/types\/product"}],"wp:featuredmedia":[{"embeddable":true,"href":"https:\/\/marketing.lamel.pl\/de\/wp-json\/wp\/v2\/media\/4970"}],"wp:attachment":[{"href":"https:\/\/marketing.lamel.pl\/de\/wp-json\/wp\/v2\/media?parent=5169"}],"wp:term":[{"taxonomy":"product_cat","embeddable":true,"href":"https:\/\/marketing.lamel.pl\/de\/wp-json\/wp\/v2\/product_cat?post=5169"},{"taxonomy":"product_tag","embeddable":true,"href":"https:\/\/marketing.lamel.pl\/de\/wp-json\/wp\/v2\/product_tag?post=5169"}],"curies":[{"name":"wp","href":"https:\/\/api.w.org\/{rel}","templated":true}]}}