{"id":5165,"date":"2024-10-31T10:11:12","date_gmt":"2024-10-31T09:11:12","guid":{"rendered":"https:\/\/marketing.lamel.pl\/produkt\/faltblatt-automotive-auf-polnisch\/"},"modified":"2025-02-10T09:17:27","modified_gmt":"2025-02-10T08:17:27","slug":"faltblatt-automotive-auf-polnisch","status":"publish","type":"product","link":"https:\/\/marketing.lamel.pl\/de\/produkt\/faltblatt-automotive-auf-polnisch\/","title":{"rendered":"Faltblatt Automotive auf Polnisch"},"content":{"rendered":"<p>Brosch\u00fcre \u00fcber die L\u00f6sungen von MyScreen Automotive auf Polnisch<\/p>\n","protected":false},"excerpt":{"rendered":"<p>Brosch\u00fcre \u00fcber die L\u00f6sungen von MyScreen Automotive auf Polnisch<\/p>\n","protected":false},"featured_media":4958,"template":"","meta":[],"product_cat":[193,194],"product_tag":[],"class_list":{"0":"post-5165","1":"product","2":"type-product","3":"status-publish","4":"has-post-thumbnail","6":"product_cat-broschuren","7":"product_cat-dl-broschuren","9":"first","10":"instock","11":"taxable","12":"shipping-taxable","13":"purchasable","14":"product-type-simple"},"_links":{"self":[{"href":"https:\/\/marketing.lamel.pl\/de\/wp-json\/wp\/v2\/product\/5165"}],"collection":[{"href":"https:\/\/marketing.lamel.pl\/de\/wp-json\/wp\/v2\/product"}],"about":[{"href":"https:\/\/marketing.lamel.pl\/de\/wp-json\/wp\/v2\/types\/product"}],"wp:featuredmedia":[{"embeddable":true,"href":"https:\/\/marketing.lamel.pl\/de\/wp-json\/wp\/v2\/media\/4958"}],"wp:attachment":[{"href":"https:\/\/marketing.lamel.pl\/de\/wp-json\/wp\/v2\/media?parent=5165"}],"wp:term":[{"taxonomy":"product_cat","embeddable":true,"href":"https:\/\/marketing.lamel.pl\/de\/wp-json\/wp\/v2\/product_cat?post=5165"},{"taxonomy":"product_tag","embeddable":true,"href":"https:\/\/marketing.lamel.pl\/de\/wp-json\/wp\/v2\/product_tag?post=5165"}],"curies":[{"name":"wp","href":"https:\/\/api.w.org\/{rel}","templated":true}]}}