{"id":5162,"date":"2024-10-31T11:39:03","date_gmt":"2024-10-31T10:39:03","guid":{"rendered":"https:\/\/marketing.lamel.pl\/produkt\/grosse-papiertuete-mit-myscreen-logo\/"},"modified":"2025-02-10T09:17:22","modified_gmt":"2025-02-10T08:17:22","slug":"grosse-papiertuete-mit-myscreen-logo","status":"publish","type":"product","link":"https:\/\/marketing.lamel.pl\/de\/produkt\/grosse-papiertuete-mit-myscreen-logo\/","title":{"rendered":"Gro\u00dfe Papiert\u00fcte mit MyScreen-Logo"},"content":{"rendered":"<p>Gro\u00dfe Papiert\u00fcte mit MyScreen-Logo 50x12x38<\/p>\n","protected":false},"excerpt":{"rendered":"<p>Gro\u00dfe Papiert\u00fcte mit MyScreen-Logo 50x12x38<\/p>\n","protected":false},"featured_media":5004,"template":"","meta":[],"product_cat":[181],"product_tag":[],"class_list":{"0":"post-5162","1":"product","2":"type-product","3":"status-publish","4":"has-post-thumbnail","6":"product_cat-werbegadgets","8":"first","9":"instock","10":"taxable","11":"shipping-taxable","12":"purchasable","13":"product-type-simple"},"_links":{"self":[{"href":"https:\/\/marketing.lamel.pl\/de\/wp-json\/wp\/v2\/product\/5162"}],"collection":[{"href":"https:\/\/marketing.lamel.pl\/de\/wp-json\/wp\/v2\/product"}],"about":[{"href":"https:\/\/marketing.lamel.pl\/de\/wp-json\/wp\/v2\/types\/product"}],"wp:featuredmedia":[{"embeddable":true,"href":"https:\/\/marketing.lamel.pl\/de\/wp-json\/wp\/v2\/media\/5004"}],"wp:attachment":[{"href":"https:\/\/marketing.lamel.pl\/de\/wp-json\/wp\/v2\/media?parent=5162"}],"wp:term":[{"taxonomy":"product_cat","embeddable":true,"href":"https:\/\/marketing.lamel.pl\/de\/wp-json\/wp\/v2\/product_cat?post=5162"},{"taxonomy":"product_tag","embeddable":true,"href":"https:\/\/marketing.lamel.pl\/de\/wp-json\/wp\/v2\/product_tag?post=5162"}],"curies":[{"name":"wp","href":"https:\/\/api.w.org\/{rel}","templated":true}]}}