{"id":5157,"date":"2024-11-04T11:27:47","date_gmt":"2024-11-04T10:27:47","guid":{"rendered":"https:\/\/marketing.lamel.pl\/produkt\/aermellos-mit-logo-fuer-maenner-frauen\/"},"modified":"2025-04-02T08:29:57","modified_gmt":"2025-04-02T06:29:57","slug":"aermellos-mit-logo-fuer-maenner-frauen","status":"publish","type":"product","link":"https:\/\/marketing.lamel.pl\/de\/produkt\/aermellos-mit-logo-fuer-maenner-frauen\/","title":{"rendered":"\u00c4rmellos mit Logo f\u00fcr M\u00e4nner\/Frauen"},"content":{"rendered":"<p>MyScreen Logo \u00c4rmellos Damen und Herren<\/p>\n","protected":false},"excerpt":{"rendered":"<p>MyScreen Logo \u00c4rmellos Damen und Herren<\/p>\n","protected":false},"featured_media":5024,"template":"","meta":[],"product_cat":[184],"product_tag":[],"class_list":{"0":"post-5157","1":"product","2":"type-product","3":"status-publish","4":"has-post-thumbnail","6":"product_cat-kleidung","8":"first","9":"instock","10":"taxable","11":"shipping-taxable","12":"purchasable","13":"product-type-variable"},"_links":{"self":[{"href":"https:\/\/marketing.lamel.pl\/de\/wp-json\/wp\/v2\/product\/5157"}],"collection":[{"href":"https:\/\/marketing.lamel.pl\/de\/wp-json\/wp\/v2\/product"}],"about":[{"href":"https:\/\/marketing.lamel.pl\/de\/wp-json\/wp\/v2\/types\/product"}],"wp:featuredmedia":[{"embeddable":true,"href":"https:\/\/marketing.lamel.pl\/de\/wp-json\/wp\/v2\/media\/5024"}],"wp:attachment":[{"href":"https:\/\/marketing.lamel.pl\/de\/wp-json\/wp\/v2\/media?parent=5157"}],"wp:term":[{"taxonomy":"product_cat","embeddable":true,"href":"https:\/\/marketing.lamel.pl\/de\/wp-json\/wp\/v2\/product_cat?post=5157"},{"taxonomy":"product_tag","embeddable":true,"href":"https:\/\/marketing.lamel.pl\/de\/wp-json\/wp\/v2\/product_tag?post=5157"}],"curies":[{"name":"wp","href":"https:\/\/api.w.org\/{rel}","templated":true}]}}